{"id":1414,"date":"2024-02-06T16:42:31","date_gmt":"2024-02-06T15:42:31","guid":{"rendered":"https:\/\/www.bertimps.com\/produzione\/parco-macchine\/"},"modified":"2025-05-14T14:14:44","modified_gmt":"2025-05-14T12:14:44","slug":"maschinenpark-produktionstechnik","status":"publish","type":"page","link":"https:\/\/www.bertimps.com\/de\/produktion\/maschinenpark-produktionstechnik\/","title":{"rendered":"Maschinenpark"},"content":{"rendered":"","protected":false},"excerpt":{"rendered":"","protected":false},"author":3,"featured_media":1416,"parent":1410,"menu_order":0,"comment_status":"closed","ping_status":"closed","template":"","meta":{"_acf_changed":false,"footnotes":""},"class_list":["post-1414","page","type-page","status-publish","has-post-thumbnail","hentry"],"acf":[],"yoast_head":"<!-- This site is optimized with the Yoast SEO plugin v25.2 - https:\/\/yoast.com\/wordpress\/plugins\/seo\/ -->\n<title>Maschinenpark: Fortschrittliche Produktionstechnik | Berti MPS<\/title>\n<meta name=\"description\" content=\"Unser moderner Maschinenpark gew\u00e4hrleistet Flexibilit\u00e4t und Pr\u00e4zision. Entdecken Sie unsere Produktionskapazit\u00e4ten.\" \/>\n<meta name=\"robots\" content=\"index, follow, max-snippet:-1, max-image-preview:large, max-video-preview:-1\" \/>\n<link rel=\"canonical\" href=\"https:\/\/www.bertimps.com\/de\/produktion\/maschinenpark-produktionstechnik\/\" \/>\n<meta property=\"og:locale\" content=\"de_DE\" \/>\n<meta property=\"og:type\" content=\"article\" \/>\n<meta property=\"og:title\" content=\"Maschinenpark: Fortschrittliche Produktionstechnik | Berti MPS\" \/>\n<meta property=\"og:description\" content=\"Unser moderner Maschinenpark gew\u00e4hrleistet Flexibilit\u00e4t und Pr\u00e4zision. Entdecken Sie unsere Produktionskapazit\u00e4ten.\" \/>\n<meta property=\"og:url\" content=\"https:\/\/www.bertimps.com\/de\/produktion\/maschinenpark-produktionstechnik\/\" \/>\n<meta property=\"og:site_name\" content=\"Berti MPS\" \/>\n<meta property=\"article:modified_time\" content=\"2025-05-14T12:14:44+00:00\" \/>\n<meta property=\"og:image\" content=\"https:\/\/www.bertimps.com\/app\/uploads\/2024\/02\/capacita-produttiva-berti-1024x683.jpg\" \/>\n\t<meta property=\"og:image:width\" content=\"1024\" \/>\n\t<meta property=\"og:image:height\" content=\"683\" \/>\n\t<meta property=\"og:image:type\" content=\"image\/jpeg\" \/>\n<meta name=\"twitter:card\" content=\"summary_large_image\" \/>\n<meta name=\"twitter:label1\" content=\"Est. reading time\" \/>\n\t<meta name=\"twitter:data1\" content=\"1 minute\" \/>\n<script type=\"application\/ld+json\" class=\"yoast-schema-graph\">{\"@context\":\"https:\/\/schema.org\",\"@graph\":[{\"@type\":\"WebPage\",\"@id\":\"https:\/\/www.bertimps.com\/de\/produktion\/maschinenpark-produktionstechnik\/\",\"url\":\"https:\/\/www.bertimps.com\/de\/produktion\/maschinenpark-produktionstechnik\/\",\"name\":\"Maschinenpark: Fortschrittliche Produktionstechnik | Berti MPS\",\"isPartOf\":{\"@id\":\"https:\/\/www.bertimps.com\/de\/#website\"},\"primaryImageOfPage\":{\"@id\":\"https:\/\/www.bertimps.com\/de\/produktion\/maschinenpark-produktionstechnik\/#primaryimage\"},\"image\":{\"@id\":\"https:\/\/www.bertimps.com\/de\/produktion\/maschinenpark-produktionstechnik\/#primaryimage\"},\"thumbnailUrl\":\"https:\/\/www.bertimps.com\/app\/uploads\/2024\/02\/capacita-produttiva-berti.jpg\",\"datePublished\":\"2024-02-06T15:42:31+00:00\",\"dateModified\":\"2025-05-14T12:14:44+00:00\",\"description\":\"Unser moderner Maschinenpark gew\u00e4hrleistet Flexibilit\u00e4t und Pr\u00e4zision. Entdecken Sie unsere Produktionskapazit\u00e4ten.\",\"breadcrumb\":{\"@id\":\"https:\/\/www.bertimps.com\/de\/produktion\/maschinenpark-produktionstechnik\/#breadcrumb\"},\"inLanguage\":\"de-DE\",\"potentialAction\":[{\"@type\":\"ReadAction\",\"target\":[\"https:\/\/www.bertimps.com\/de\/produktion\/maschinenpark-produktionstechnik\/\"]}]},{\"@type\":\"ImageObject\",\"inLanguage\":\"de-DE\",\"@id\":\"https:\/\/www.bertimps.com\/de\/produktion\/maschinenpark-produktionstechnik\/#primaryimage\",\"url\":\"https:\/\/www.bertimps.com\/app\/uploads\/2024\/02\/capacita-produttiva-berti.jpg\",\"contentUrl\":\"https:\/\/www.bertimps.com\/app\/uploads\/2024\/02\/capacita-produttiva-berti.jpg\",\"width\":3000,\"height\":2000},{\"@type\":\"BreadcrumbList\",\"@id\":\"https:\/\/www.bertimps.com\/de\/produktion\/maschinenpark-produktionstechnik\/#breadcrumb\",\"itemListElement\":[{\"@type\":\"ListItem\",\"position\":1,\"name\":\"Home\",\"item\":\"https:\/\/www.bertimps.com\/de\/\"},{\"@type\":\"ListItem\",\"position\":2,\"name\":\"Produktion\",\"item\":\"https:\/\/www.bertimps.com\/de\/produktion\/\"},{\"@type\":\"ListItem\",\"position\":3,\"name\":\"Maschinenpark\"}]},{\"@type\":\"WebSite\",\"@id\":\"https:\/\/www.bertimps.com\/de\/#website\",\"url\":\"https:\/\/www.bertimps.com\/de\/\",\"name\":\"Berti MPS\",\"description\":\"\",\"potentialAction\":[{\"@type\":\"SearchAction\",\"target\":{\"@type\":\"EntryPoint\",\"urlTemplate\":\"https:\/\/www.bertimps.com\/de\/?s={search_term_string}\"},\"query-input\":{\"@type\":\"PropertyValueSpecification\",\"valueRequired\":true,\"valueName\":\"search_term_string\"}}],\"inLanguage\":\"de-DE\"}]}<\/script>\n<!-- \/ Yoast SEO plugin. -->","yoast_head_json":{"title":"Maschinenpark: Fortschrittliche Produktionstechnik | Berti MPS","description":"Unser moderner Maschinenpark gew\u00e4hrleistet Flexibilit\u00e4t und Pr\u00e4zision. Entdecken Sie unsere Produktionskapazit\u00e4ten.","robots":{"index":"index","follow":"follow","max-snippet":"max-snippet:-1","max-image-preview":"max-image-preview:large","max-video-preview":"max-video-preview:-1"},"canonical":"https:\/\/www.bertimps.com\/de\/produktion\/maschinenpark-produktionstechnik\/","og_locale":"de_DE","og_type":"article","og_title":"Maschinenpark: Fortschrittliche Produktionstechnik | Berti MPS","og_description":"Unser moderner Maschinenpark gew\u00e4hrleistet Flexibilit\u00e4t und Pr\u00e4zision. Entdecken Sie unsere Produktionskapazit\u00e4ten.","og_url":"https:\/\/www.bertimps.com\/de\/produktion\/maschinenpark-produktionstechnik\/","og_site_name":"Berti MPS","article_modified_time":"2025-05-14T12:14:44+00:00","og_image":[{"width":1024,"height":683,"url":"https:\/\/www.bertimps.com\/app\/uploads\/2024\/02\/capacita-produttiva-berti-1024x683.jpg","type":"image\/jpeg"}],"twitter_card":"summary_large_image","twitter_misc":{"Est. reading time":"1 minute"},"schema":{"@context":"https:\/\/schema.org","@graph":[{"@type":"WebPage","@id":"https:\/\/www.bertimps.com\/de\/produktion\/maschinenpark-produktionstechnik\/","url":"https:\/\/www.bertimps.com\/de\/produktion\/maschinenpark-produktionstechnik\/","name":"Maschinenpark: Fortschrittliche Produktionstechnik | Berti MPS","isPartOf":{"@id":"https:\/\/www.bertimps.com\/de\/#website"},"primaryImageOfPage":{"@id":"https:\/\/www.bertimps.com\/de\/produktion\/maschinenpark-produktionstechnik\/#primaryimage"},"image":{"@id":"https:\/\/www.bertimps.com\/de\/produktion\/maschinenpark-produktionstechnik\/#primaryimage"},"thumbnailUrl":"https:\/\/www.bertimps.com\/app\/uploads\/2024\/02\/capacita-produttiva-berti.jpg","datePublished":"2024-02-06T15:42:31+00:00","dateModified":"2025-05-14T12:14:44+00:00","description":"Unser moderner Maschinenpark gew\u00e4hrleistet Flexibilit\u00e4t und Pr\u00e4zision. Entdecken Sie unsere Produktionskapazit\u00e4ten.","breadcrumb":{"@id":"https:\/\/www.bertimps.com\/de\/produktion\/maschinenpark-produktionstechnik\/#breadcrumb"},"inLanguage":"de-DE","potentialAction":[{"@type":"ReadAction","target":["https:\/\/www.bertimps.com\/de\/produktion\/maschinenpark-produktionstechnik\/"]}]},{"@type":"ImageObject","inLanguage":"de-DE","@id":"https:\/\/www.bertimps.com\/de\/produktion\/maschinenpark-produktionstechnik\/#primaryimage","url":"https:\/\/www.bertimps.com\/app\/uploads\/2024\/02\/capacita-produttiva-berti.jpg","contentUrl":"https:\/\/www.bertimps.com\/app\/uploads\/2024\/02\/capacita-produttiva-berti.jpg","width":3000,"height":2000},{"@type":"BreadcrumbList","@id":"https:\/\/www.bertimps.com\/de\/produktion\/maschinenpark-produktionstechnik\/#breadcrumb","itemListElement":[{"@type":"ListItem","position":1,"name":"Home","item":"https:\/\/www.bertimps.com\/de\/"},{"@type":"ListItem","position":2,"name":"Produktion","item":"https:\/\/www.bertimps.com\/de\/produktion\/"},{"@type":"ListItem","position":3,"name":"Maschinenpark"}]},{"@type":"WebSite","@id":"https:\/\/www.bertimps.com\/de\/#website","url":"https:\/\/www.bertimps.com\/de\/","name":"Berti MPS","description":"","potentialAction":[{"@type":"SearchAction","target":{"@type":"EntryPoint","urlTemplate":"https:\/\/www.bertimps.com\/de\/?s={search_term_string}"},"query-input":{"@type":"PropertyValueSpecification","valueRequired":true,"valueName":"search_term_string"}}],"inLanguage":"de-DE"}]}},"_links":{"self":[{"href":"https:\/\/www.bertimps.com\/de\/wp-json\/wp\/v2\/pages\/1414","targetHints":{"allow":["GET"]}}],"collection":[{"href":"https:\/\/www.bertimps.com\/de\/wp-json\/wp\/v2\/pages"}],"about":[{"href":"https:\/\/www.bertimps.com\/de\/wp-json\/wp\/v2\/types\/page"}],"author":[{"embeddable":true,"href":"https:\/\/www.bertimps.com\/de\/wp-json\/wp\/v2\/users\/3"}],"replies":[{"embeddable":true,"href":"https:\/\/www.bertimps.com\/de\/wp-json\/wp\/v2\/comments?post=1414"}],"version-history":[{"count":8,"href":"https:\/\/www.bertimps.com\/de\/wp-json\/wp\/v2\/pages\/1414\/revisions"}],"predecessor-version":[{"id":2018,"href":"https:\/\/www.bertimps.com\/de\/wp-json\/wp\/v2\/pages\/1414\/revisions\/2018"}],"up":[{"embeddable":true,"href":"https:\/\/www.bertimps.com\/de\/wp-json\/wp\/v2\/pages\/1410"}],"wp:featuredmedia":[{"embeddable":true,"href":"https:\/\/www.bertimps.com\/de\/wp-json\/wp\/v2\/media\/1416"}],"wp:attachment":[{"href":"https:\/\/www.bertimps.com\/de\/wp-json\/wp\/v2\/media?parent=1414"}],"curies":[{"name":"wp","href":"https:\/\/api.w.org\/{rel}","templated":true}]}}