{"id":1400,"date":"2024-01-09T13:01:46","date_gmt":"2024-01-09T12:01:46","guid":{"rendered":"https:\/\/www.bertimps.com\/chi-siamo\/affidabilita-e-qualita\/"},"modified":"2024-10-31T09:54:32","modified_gmt":"2024-10-31T08:54:32","slug":"verlasslichkeit-und-qualitat","status":"publish","type":"page","link":"https:\/\/www.bertimps.com\/de\/wer-wir-sind\/verlasslichkeit-und-qualitat\/","title":{"rendered":"Verl\u00e4sslichkeit und Qualit\u00e4t"},"content":{"rendered":"","protected":false},"excerpt":{"rendered":"","protected":false},"author":3,"featured_media":1402,"parent":1399,"menu_order":0,"comment_status":"closed","ping_status":"closed","template":"","meta":{"_acf_changed":false,"footnotes":""},"class_list":["post-1400","page","type-page","status-publish","has-post-thumbnail","hentry"],"acf":[],"yoast_head":"<!-- This site is optimized with the Yoast SEO plugin v25.2 - https:\/\/yoast.com\/wordpress\/plugins\/seo\/ -->\n<title>Verl\u00e4sslichkeit ud qualit\u00e4t | Berti MPS<\/title>\n<meta name=\"description\" content=\"Zuverl\u00e4ssigkeit und Qualit\u00e4t? Entdecken Sie die Prozesse von Berti mit allen Messing-, Green-Messing- und Stahllegierungen.\" \/>\n<meta name=\"robots\" content=\"index, follow, max-snippet:-1, max-image-preview:large, max-video-preview:-1\" \/>\n<link rel=\"canonical\" href=\"https:\/\/www.bertimps.com\/de\/wer-wir-sind\/verlasslichkeit-und-qualitat\/\" \/>\n<meta property=\"og:locale\" content=\"de_DE\" \/>\n<meta property=\"og:type\" content=\"article\" \/>\n<meta property=\"og:title\" content=\"Verl\u00e4sslichkeit ud qualit\u00e4t | Berti MPS\" \/>\n<meta property=\"og:description\" content=\"Zuverl\u00e4ssigkeit und Qualit\u00e4t? Entdecken Sie die Prozesse von Berti mit allen Messing-, Green-Messing- und Stahllegierungen.\" \/>\n<meta property=\"og:url\" content=\"https:\/\/www.bertimps.com\/de\/wer-wir-sind\/verlasslichkeit-und-qualitat\/\" \/>\n<meta property=\"og:site_name\" content=\"Berti MPS\" \/>\n<meta property=\"article:modified_time\" content=\"2024-10-31T08:54:32+00:00\" \/>\n<meta property=\"og:image\" content=\"https:\/\/www.bertimps.com\/app\/uploads\/2024\/02\/versatilita-personalizzazione-berti-1024x683.jpg\" \/>\n\t<meta property=\"og:image:width\" content=\"1024\" \/>\n\t<meta property=\"og:image:height\" content=\"683\" \/>\n\t<meta property=\"og:image:type\" content=\"image\/jpeg\" \/>\n<meta name=\"twitter:card\" content=\"summary_large_image\" \/>\n<meta name=\"twitter:label1\" content=\"Est. reading time\" \/>\n\t<meta name=\"twitter:data1\" content=\"1 minute\" \/>\n<script type=\"application\/ld+json\" class=\"yoast-schema-graph\">{\"@context\":\"https:\/\/schema.org\",\"@graph\":[{\"@type\":\"WebPage\",\"@id\":\"https:\/\/www.bertimps.com\/de\/wer-wir-sind\/verlasslichkeit-und-qualitat\/\",\"url\":\"https:\/\/www.bertimps.com\/de\/wer-wir-sind\/verlasslichkeit-und-qualitat\/\",\"name\":\"Verl\u00e4sslichkeit ud qualit\u00e4t | Berti MPS\",\"isPartOf\":{\"@id\":\"https:\/\/www.bertimps.com\/de\/#website\"},\"primaryImageOfPage\":{\"@id\":\"https:\/\/www.bertimps.com\/de\/wer-wir-sind\/verlasslichkeit-und-qualitat\/#primaryimage\"},\"image\":{\"@id\":\"https:\/\/www.bertimps.com\/de\/wer-wir-sind\/verlasslichkeit-und-qualitat\/#primaryimage\"},\"thumbnailUrl\":\"https:\/\/www.bertimps.com\/app\/uploads\/2024\/02\/versatilita-personalizzazione-berti.jpg\",\"datePublished\":\"2024-01-09T12:01:46+00:00\",\"dateModified\":\"2024-10-31T08:54:32+00:00\",\"description\":\"Zuverl\u00e4ssigkeit und Qualit\u00e4t? Entdecken Sie die Prozesse von Berti mit allen Messing-, Green-Messing- und Stahllegierungen.\",\"breadcrumb\":{\"@id\":\"https:\/\/www.bertimps.com\/de\/wer-wir-sind\/verlasslichkeit-und-qualitat\/#breadcrumb\"},\"inLanguage\":\"de-DE\",\"potentialAction\":[{\"@type\":\"ReadAction\",\"target\":[\"https:\/\/www.bertimps.com\/de\/wer-wir-sind\/verlasslichkeit-und-qualitat\/\"]}]},{\"@type\":\"ImageObject\",\"inLanguage\":\"de-DE\",\"@id\":\"https:\/\/www.bertimps.com\/de\/wer-wir-sind\/verlasslichkeit-und-qualitat\/#primaryimage\",\"url\":\"https:\/\/www.bertimps.com\/app\/uploads\/2024\/02\/versatilita-personalizzazione-berti.jpg\",\"contentUrl\":\"https:\/\/www.bertimps.com\/app\/uploads\/2024\/02\/versatilita-personalizzazione-berti.jpg\",\"width\":3000,\"height\":2000},{\"@type\":\"BreadcrumbList\",\"@id\":\"https:\/\/www.bertimps.com\/de\/wer-wir-sind\/verlasslichkeit-und-qualitat\/#breadcrumb\",\"itemListElement\":[{\"@type\":\"ListItem\",\"position\":1,\"name\":\"Home\",\"item\":\"https:\/\/www.bertimps.com\/de\/\"},{\"@type\":\"ListItem\",\"position\":2,\"name\":\"Wer Wir Sind\",\"item\":\"https:\/\/www.bertimps.com\/de\/wer-wir-sind\/\"},{\"@type\":\"ListItem\",\"position\":3,\"name\":\"Verl\u00e4sslichkeit und Qualit\u00e4t\"}]},{\"@type\":\"WebSite\",\"@id\":\"https:\/\/www.bertimps.com\/de\/#website\",\"url\":\"https:\/\/www.bertimps.com\/de\/\",\"name\":\"Berti MPS\",\"description\":\"\",\"potentialAction\":[{\"@type\":\"SearchAction\",\"target\":{\"@type\":\"EntryPoint\",\"urlTemplate\":\"https:\/\/www.bertimps.com\/de\/?s={search_term_string}\"},\"query-input\":{\"@type\":\"PropertyValueSpecification\",\"valueRequired\":true,\"valueName\":\"search_term_string\"}}],\"inLanguage\":\"de-DE\"}]}<\/script>\n<!-- \/ Yoast SEO plugin. -->","yoast_head_json":{"title":"Verl\u00e4sslichkeit ud qualit\u00e4t | Berti MPS","description":"Zuverl\u00e4ssigkeit und Qualit\u00e4t? Entdecken Sie die Prozesse von Berti mit allen Messing-, Green-Messing- und Stahllegierungen.","robots":{"index":"index","follow":"follow","max-snippet":"max-snippet:-1","max-image-preview":"max-image-preview:large","max-video-preview":"max-video-preview:-1"},"canonical":"https:\/\/www.bertimps.com\/de\/wer-wir-sind\/verlasslichkeit-und-qualitat\/","og_locale":"de_DE","og_type":"article","og_title":"Verl\u00e4sslichkeit ud qualit\u00e4t | Berti MPS","og_description":"Zuverl\u00e4ssigkeit und Qualit\u00e4t? Entdecken Sie die Prozesse von Berti mit allen Messing-, Green-Messing- und Stahllegierungen.","og_url":"https:\/\/www.bertimps.com\/de\/wer-wir-sind\/verlasslichkeit-und-qualitat\/","og_site_name":"Berti MPS","article_modified_time":"2024-10-31T08:54:32+00:00","og_image":[{"width":1024,"height":683,"url":"https:\/\/www.bertimps.com\/app\/uploads\/2024\/02\/versatilita-personalizzazione-berti-1024x683.jpg","type":"image\/jpeg"}],"twitter_card":"summary_large_image","twitter_misc":{"Est. reading time":"1 minute"},"schema":{"@context":"https:\/\/schema.org","@graph":[{"@type":"WebPage","@id":"https:\/\/www.bertimps.com\/de\/wer-wir-sind\/verlasslichkeit-und-qualitat\/","url":"https:\/\/www.bertimps.com\/de\/wer-wir-sind\/verlasslichkeit-und-qualitat\/","name":"Verl\u00e4sslichkeit ud qualit\u00e4t | Berti MPS","isPartOf":{"@id":"https:\/\/www.bertimps.com\/de\/#website"},"primaryImageOfPage":{"@id":"https:\/\/www.bertimps.com\/de\/wer-wir-sind\/verlasslichkeit-und-qualitat\/#primaryimage"},"image":{"@id":"https:\/\/www.bertimps.com\/de\/wer-wir-sind\/verlasslichkeit-und-qualitat\/#primaryimage"},"thumbnailUrl":"https:\/\/www.bertimps.com\/app\/uploads\/2024\/02\/versatilita-personalizzazione-berti.jpg","datePublished":"2024-01-09T12:01:46+00:00","dateModified":"2024-10-31T08:54:32+00:00","description":"Zuverl\u00e4ssigkeit und Qualit\u00e4t? Entdecken Sie die Prozesse von Berti mit allen Messing-, Green-Messing- und Stahllegierungen.","breadcrumb":{"@id":"https:\/\/www.bertimps.com\/de\/wer-wir-sind\/verlasslichkeit-und-qualitat\/#breadcrumb"},"inLanguage":"de-DE","potentialAction":[{"@type":"ReadAction","target":["https:\/\/www.bertimps.com\/de\/wer-wir-sind\/verlasslichkeit-und-qualitat\/"]}]},{"@type":"ImageObject","inLanguage":"de-DE","@id":"https:\/\/www.bertimps.com\/de\/wer-wir-sind\/verlasslichkeit-und-qualitat\/#primaryimage","url":"https:\/\/www.bertimps.com\/app\/uploads\/2024\/02\/versatilita-personalizzazione-berti.jpg","contentUrl":"https:\/\/www.bertimps.com\/app\/uploads\/2024\/02\/versatilita-personalizzazione-berti.jpg","width":3000,"height":2000},{"@type":"BreadcrumbList","@id":"https:\/\/www.bertimps.com\/de\/wer-wir-sind\/verlasslichkeit-und-qualitat\/#breadcrumb","itemListElement":[{"@type":"ListItem","position":1,"name":"Home","item":"https:\/\/www.bertimps.com\/de\/"},{"@type":"ListItem","position":2,"name":"Wer Wir Sind","item":"https:\/\/www.bertimps.com\/de\/wer-wir-sind\/"},{"@type":"ListItem","position":3,"name":"Verl\u00e4sslichkeit und Qualit\u00e4t"}]},{"@type":"WebSite","@id":"https:\/\/www.bertimps.com\/de\/#website","url":"https:\/\/www.bertimps.com\/de\/","name":"Berti MPS","description":"","potentialAction":[{"@type":"SearchAction","target":{"@type":"EntryPoint","urlTemplate":"https:\/\/www.bertimps.com\/de\/?s={search_term_string}"},"query-input":{"@type":"PropertyValueSpecification","valueRequired":true,"valueName":"search_term_string"}}],"inLanguage":"de-DE"}]}},"_links":{"self":[{"href":"https:\/\/www.bertimps.com\/de\/wp-json\/wp\/v2\/pages\/1400","targetHints":{"allow":["GET"]}}],"collection":[{"href":"https:\/\/www.bertimps.com\/de\/wp-json\/wp\/v2\/pages"}],"about":[{"href":"https:\/\/www.bertimps.com\/de\/wp-json\/wp\/v2\/types\/page"}],"author":[{"embeddable":true,"href":"https:\/\/www.bertimps.com\/de\/wp-json\/wp\/v2\/users\/3"}],"replies":[{"embeddable":true,"href":"https:\/\/www.bertimps.com\/de\/wp-json\/wp\/v2\/comments?post=1400"}],"version-history":[{"count":3,"href":"https:\/\/www.bertimps.com\/de\/wp-json\/wp\/v2\/pages\/1400\/revisions"}],"predecessor-version":[{"id":1638,"href":"https:\/\/www.bertimps.com\/de\/wp-json\/wp\/v2\/pages\/1400\/revisions\/1638"}],"up":[{"embeddable":true,"href":"https:\/\/www.bertimps.com\/de\/wp-json\/wp\/v2\/pages\/1399"}],"wp:featuredmedia":[{"embeddable":true,"href":"https:\/\/www.bertimps.com\/de\/wp-json\/wp\/v2\/media\/1402"}],"wp:attachment":[{"href":"https:\/\/www.bertimps.com\/de\/wp-json\/wp\/v2\/media?parent=1400"}],"curies":[{"name":"wp","href":"https:\/\/api.w.org\/{rel}","templated":true}]}}